{"id":72,"date":"2014-11-04T20:33:59","date_gmt":"2014-11-04T18:33:59","guid":{"rendered":"http:\/\/eerokoppala.com\/projects\/anu\/?page_id=72"},"modified":"2022-06-15T22:31:12","modified_gmt":"2022-06-15T19:31:12","slug":"yhteys","status":"publish","type":"page","link":"http:\/\/anunikkila.fi\/?page_id=72","title":{"rendered":"Yhteys"},"content":{"rendered":"<div class=\"flex_column av_one_third  flex_column_div first  avia-builder-el-0  avia-builder-el-no-sibling  \" ><section class=\"av_textblock_section \"  itemscope=\"itemscope\" itemtype=\"https:\/\/schema.org\/CreativeWork\" ><div class='avia_textblock  '   itemprop=\"text\" ><h2>Yhteystiedot<\/h2>\n<p>Ratinankatu 2 A 12.<\/p>\n<p>33100 TAMPERE<\/p>\n<p>Puhelin:\u00a0045 1713 217<br \/>\nEmail:\u00a0<a href=\"mailto:ajanvaraus@anunikkila.fi\">ajanvaraus@anunikkila.fi<\/a><\/p>\n<p>Ota yhteytt\u00e4 s\u00e4hk\u00f6postitse, en pysty vastaamaan puhelimeen vastaanottoaikoina.<\/p>\n<hr \/>\n<\/div><\/section><\/div>\n","protected":false},"excerpt":{"rendered":"","protected":false},"author":1,"featured_media":0,"parent":0,"menu_order":0,"comment_status":"closed","ping_status":"open","template":"","meta":{"footnotes":""},"class_list":["post-72","page","type-page","status-publish","hentry"],"_links":{"self":[{"href":"http:\/\/anunikkila.fi\/index.php?rest_route=\/wp\/v2\/pages\/72","targetHints":{"allow":["GET"]}}],"collection":[{"href":"http:\/\/anunikkila.fi\/index.php?rest_route=\/wp\/v2\/pages"}],"about":[{"href":"http:\/\/anunikkila.fi\/index.php?rest_route=\/wp\/v2\/types\/page"}],"author":[{"embeddable":true,"href":"http:\/\/anunikkila.fi\/index.php?rest_route=\/wp\/v2\/users\/1"}],"replies":[{"embeddable":true,"href":"http:\/\/anunikkila.fi\/index.php?rest_route=%2Fwp%2Fv2%2Fcomments&post=72"}],"version-history":[{"count":17,"href":"http:\/\/anunikkila.fi\/index.php?rest_route=\/wp\/v2\/pages\/72\/revisions"}],"predecessor-version":[{"id":358,"href":"http:\/\/anunikkila.fi\/index.php?rest_route=\/wp\/v2\/pages\/72\/revisions\/358"}],"wp:attachment":[{"href":"http:\/\/anunikkila.fi\/index.php?rest_route=%2Fwp%2Fv2%2Fmedia&parent=72"}],"curies":[{"name":"wp","href":"https:\/\/api.w.org\/{rel}","templated":true}]}}