{"id":67,"date":"2014-11-04T19:15:52","date_gmt":"2014-11-04T17:15:52","guid":{"rendered":"http:\/\/eerokoppala.com\/projects\/anu\/?page_id=67"},"modified":"2023-09-08T16:17:01","modified_gmt":"2023-09-08T13:17:01","slug":"hinnasto","status":"publish","type":"page","link":"http:\/\/anunikkila.fi\/?page_id=67","title":{"rendered":"Hinnasto"},"content":{"rendered":"<h2>Hinnasto 2023<\/h2>\n<h3>Psykoterapia (Alv 0%)<\/h3>\n<p>Yksil\u00f6psykoterapia &#8211; 100 \u20ac\/45 min<br \/>\nPariterapia \u2013 120 \u20ac\/60 min<\/p>\n<p>Yksi tutustumisk\u00e4ynti<br \/>\nennen kelan kuntoutuspsykoterapian alkua 45 min \/ 0 \u20ac<\/p>\n<p>Lausuntomaksu 45,00 e<\/p>\n<p>HUOM! My\u00f6hemmin kuin 2 vrk ennen peruutetusta ajasta tai kokonaan peruuttamatta j\u00e4\u00e4neest\u00e4 ajasta laskutetaan t\u00e4ysi hinta<\/p>\n<h3>Ty\u00f6nohjaus (+mahdollinen Alv 24%)<\/h3>\n<p>Yksil\u00f6ty\u00f6nohjaus<br \/>\n&#8211; 100 \u20ac + alv 24%\/45 min<br \/>\n&#8211; 180 \u20ac + alv 24%\/1.5h<\/p>\n<p>Ryhm\u00e4ty\u00f6nohjaus<br \/>\n\u2013 180-250 \u20ac + alv 24%\/ 45 min, ryhm\u00e4n koosta riippuen<br \/>\n&#8211; 250-460 \u20ac + alv 24%\/1.5h, ryhm\u00e4n koosta riippuen<\/p>\n<h4>Kuinka suuren osan KELA korvaa psykoterapiasta?<\/h4>\n<p>Kelan kuntoutuspsykoterapiassa Kela maksaa osan psykoterapeutin palkkiosta. Yksil\u00f6terapian korvaus on 57,60 euroa per k\u00e4yntikerta. Kelalta voi anoa korvausta my\u00f6s matkakustannuksiin.<\/p>\n<p><strong>Linkki:\u00a0<a href=\"http:\/\/www.kela.fi\/tyoikaisille_kuntoutuspsykoterapia\" target=\"_blank\" rel=\"noopener noreferrer\">http:\/\/www.kela.fi\/tyoikaisille_kuntoutuspsykoterapia<\/a><\/strong><\/p>\n","protected":false},"excerpt":{"rendered":"<p>Hinnasto 2023 Psykoterapia (Alv 0%) Yksil\u00f6psykoterapia &#8211; 100 \u20ac\/45 min Pariterapia \u2013 120 \u20ac\/60 min Yksi tutustumisk\u00e4ynti ennen kelan kuntoutuspsykoterapian alkua 45 min \/ 0 \u20ac Lausuntomaksu 45,00 e HUOM! My\u00f6hemmin kuin 2 vrk ennen peruutetusta ajasta tai kokonaan peruuttamatta j\u00e4\u00e4neest\u00e4 ajasta laskutetaan t\u00e4ysi hinta Ty\u00f6nohjaus (+mahdollinen Alv 24%) Yksil\u00f6ty\u00f6nohjaus &#8211; 100 \u20ac + alv [&hellip;]<\/p>\n","protected":false},"author":1,"featured_media":0,"parent":0,"menu_order":0,"comment_status":"closed","ping_status":"open","template":"","meta":{"footnotes":""},"class_list":["post-67","page","type-page","status-publish","hentry"],"_links":{"self":[{"href":"http:\/\/anunikkila.fi\/index.php?rest_route=\/wp\/v2\/pages\/67","targetHints":{"allow":["GET"]}}],"collection":[{"href":"http:\/\/anunikkila.fi\/index.php?rest_route=\/wp\/v2\/pages"}],"about":[{"href":"http:\/\/anunikkila.fi\/index.php?rest_route=\/wp\/v2\/types\/page"}],"author":[{"embeddable":true,"href":"http:\/\/anunikkila.fi\/index.php?rest_route=\/wp\/v2\/users\/1"}],"replies":[{"embeddable":true,"href":"http:\/\/anunikkila.fi\/index.php?rest_route=%2Fwp%2Fv2%2Fcomments&post=67"}],"version-history":[{"count":17,"href":"http:\/\/anunikkila.fi\/index.php?rest_route=\/wp\/v2\/pages\/67\/revisions"}],"predecessor-version":[{"id":391,"href":"http:\/\/anunikkila.fi\/index.php?rest_route=\/wp\/v2\/pages\/67\/revisions\/391"}],"wp:attachment":[{"href":"http:\/\/anunikkila.fi\/index.php?rest_route=%2Fwp%2Fv2%2Fmedia&parent=67"}],"curies":[{"name":"wp","href":"https:\/\/api.w.org\/{rel}","templated":true}]}}