{"id":56,"date":"2014-11-04T19:09:18","date_gmt":"2014-11-04T17:09:18","guid":{"rendered":"http:\/\/eerokoppala.com\/projects\/anu\/?page_id=56"},"modified":"2022-06-15T23:58:16","modified_gmt":"2022-06-15T20:58:16","slug":"kuka-mina-olen","status":"publish","type":"page","link":"http:\/\/anunikkila.fi\/?page_id=56","title":{"rendered":"Kuka min\u00e4 olen?"},"content":{"rendered":"<section class=\"av_textblock_section \"  itemscope=\"itemscope\" itemtype=\"https:\/\/schema.org\/CreativeWork\" ><div class='avia_textblock  '   itemprop=\"text\" ><h2 style=\"text-align: left;\">Anu Tallgren<\/h2>\n<p><img loading=\"lazy\" decoding=\"async\" class=\"aligncenter wp-image-376 size-full\" src=\"http:\/\/anunikkila.fi\/wp-content\/uploads\/2022\/06\/anu-1.jpg\" alt=\"\" width=\"820\" height=\"402\" srcset=\"http:\/\/anunikkila.fi\/wp-content\/uploads\/2022\/06\/anu-1.jpg 820w, http:\/\/anunikkila.fi\/wp-content\/uploads\/2022\/06\/anu-1-300x147.jpg 300w, http:\/\/anunikkila.fi\/wp-content\/uploads\/2022\/06\/anu-1-768x377.jpg 768w, http:\/\/anunikkila.fi\/wp-content\/uploads\/2022\/06\/anu-1-705x346.jpg 705w\" sizes=\"auto, (max-width: 820px) 100vw, 820px\" \/><\/p>\n<blockquote>\n<p><em>Hei!<\/em><br \/>\n<em> Olen niin kauan kuin muistan ollut kiinnostunut ihmisist\u00e4! Lapsuuden yst\u00e4v\u00e4ni ovat oppineet vuosien varrella, ett\u00e4 minua ei voi p\u00e4\u00e4st\u00e4\u00e4 julkisella paikalla silmist\u00e4\u00e4n, koska saatan j\u00e4\u00e4d\u00e4 kiinni mielenkiintoiseen keskusteluun pitk\u00e4ksikin aikaa. T\u00e4st\u00e4 on tullut jo humoristinen k\u00e4site yst\u00e4v\u00e4piirimme tapaamisissa. Halusin kertoa sen teille siksi, ett\u00e4 tuo kuvaa minua kaikista parhaiten, olen avoin ja kiinnostunut ihmisten tarinoista ja siit\u00e4 on syntynyt halu olla avuksi.<\/em><br \/>\n<em> Olen lukioik\u00e4isest\u00e4 asti opiskellut ja tehnyt samaan aikaan ty\u00f6t\u00e4, lasten, nuorten, perheiden, lastensuojelun ja koulumaailman parissa. Esiopettajana vier\u00e4hti kymmenen vuotta. Nautin ty\u00f6st\u00e4ni. Kuitenkin vuosien saatossa syntyi ajatus siit\u00e4 miten hy\u00f6dynt\u00e4isin vuorovaikutustaitoni, kiinnostuksen ihmisiin ja heid\u00e4n n\u00e4k\u00f6kulmiinsa, haluuni auttaa, kykyni avata uusia n\u00e4k\u00f6aloja, parhaalla mahdollisella tavalla nimenomaan ty\u00f6ss\u00e4ni.<\/em><\/p>\n<p><em>Itseni kohdalla olen tinkim\u00e4t\u00f6n sen suhteen, ett\u00e4 ty\u00f6st\u00e4 tulee saada muutakin kuin rahallinen korvaus. Sin\u00e4 p\u00e4iv\u00e4n\u00e4, kun huomasin pelk\u00e4\u00e4v\u00e4ni, ett\u00e4 viel\u00e4 tulee se syyslukukauden aloitus, jolloin en ole en\u00e4\u00e4 syd\u00e4mess\u00e4ni l\u00e4sn\u00e4 oppilailleni, ilmoittauduin lukemaan psykoterapiaa. Palaset loksahtivat paikoilleen, l\u00f6ysin paikkani ja nyt koen olevani unelma-ammatissani!<\/em><br \/>\n<em> Tervetuloa vastaanotolleni!<\/em><\/p>\n<p><strong><em>&#8211; Anu<\/em><\/strong><\/p>\n<\/blockquote>\n<h3><br class=\"avia-permanent-lb\" \/>Koulutukseni<\/h3>\n<p>Psykoterapia-koulutus, ratkaisukeskeinen psykoterapia, psykoterapeutti YET, 2011-2014<\/p>\n<p>Perheopintojen perusopinnoista 10 op, 2014<\/p>\n<p>Erityispedagogiikan perusopinnot, 2013-2014<\/p>\n<p>Psykologian perusopinnot, 2009-2010<\/p>\n<p>Sosiaalipedagoginen hevostoiminta, Ratsastuspedagogi, 2005-2006<\/p>\n<p>Kasvatustieteen aineopinnot, 2003-2004<br \/>\nKasvatustieteen perusopinnot, 2002<\/p>\n<p>Esi- ja alkuopetuksen t\u00e4ydennyskoulutusohjelma, esiopettaja, 2000-2001<\/p>\n<p>Sosiaalialan ohjaaja, lapsi-, nuoriso- ja perhety\u00f6, 1996-1999<\/p>\n<p>Ylioppilas, 1993-1996<\/p>\n<h4>Aiempi ty\u00f6kokemus<\/h4>\n<p>Esiopettaja kymmenen vuotta<br \/>\nPerhekuntoutuskeskuksessa psykoterapeuttinen ohjaaja kolme vuotta, Lastensuojelun avohuollon tukitoimia tarjoavassa ryhm\u00e4p\u00e4iv\u00e4kodissa ohjaaja kolme vuotta,<br \/>\nUrheilijoiden mentaalivalmentajana omassa yrityksess\u00e4<\/p>\n<\/div><\/section>\n<div   class='hr hr-default   avia-builder-el-1  el_after_av_textblock  avia-builder-el-last '><span class='hr-inner ' ><span class='hr-inner-style'><\/span><\/span><\/div>\n","protected":false},"excerpt":{"rendered":"","protected":false},"author":1,"featured_media":0,"parent":0,"menu_order":0,"comment_status":"closed","ping_status":"open","template":"","meta":{"footnotes":""},"class_list":["post-56","page","type-page","status-publish","hentry"],"_links":{"self":[{"href":"http:\/\/anunikkila.fi\/index.php?rest_route=\/wp\/v2\/pages\/56","targetHints":{"allow":["GET"]}}],"collection":[{"href":"http:\/\/anunikkila.fi\/index.php?rest_route=\/wp\/v2\/pages"}],"about":[{"href":"http:\/\/anunikkila.fi\/index.php?rest_route=\/wp\/v2\/types\/page"}],"author":[{"embeddable":true,"href":"http:\/\/anunikkila.fi\/index.php?rest_route=\/wp\/v2\/users\/1"}],"replies":[{"embeddable":true,"href":"http:\/\/anunikkila.fi\/index.php?rest_route=%2Fwp%2Fv2%2Fcomments&post=56"}],"version-history":[{"count":21,"href":"http:\/\/anunikkila.fi\/index.php?rest_route=\/wp\/v2\/pages\/56\/revisions"}],"predecessor-version":[{"id":378,"href":"http:\/\/anunikkila.fi\/index.php?rest_route=\/wp\/v2\/pages\/56\/revisions\/378"}],"wp:attachment":[{"href":"http:\/\/anunikkila.fi\/index.php?rest_route=%2Fwp%2Fv2%2Fmedia&parent=56"}],"curies":[{"name":"wp","href":"https:\/\/api.w.org\/{rel}","templated":true}]}}